{"id":10034,"date":"2023-06-19T10:04:01","date_gmt":"2023-06-19T08:04:01","guid":{"rendered":"https:\/\/eisenbacher.de\/impressum\/"},"modified":"2023-09-08T15:39:14","modified_gmt":"2023-09-08T13:39:14","slug":"impressum","status":"publish","type":"page","link":"https:\/\/eisenbacher.de\/de\/impressum\/","title":{"rendered":"Impressum"},"content":{"rendered":"\t\t<div data-elementor-type=\"wp-page\" data-elementor-id=\"10034\" class=\"elementor elementor-10034 elementor-9112\" data-elementor-post-type=\"page\">\n\t\t\t\t\t\t\t<div class=\"wd-negative-gap elementor-element elementor-element-600c05c e-flex e-con-boxed wd-section-disabled e-con e-parent\" data-id=\"600c05c\" data-element_type=\"container\" data-settings=\"{&quot;content_width&quot;:&quot;boxed&quot;}\" data-core-v316-plus=\"true\">\n\t\t\t\t\t<div class=\"e-con-inner\">\n\t\t\t\t<div class=\"elementor-element elementor-element-d2e71b4 elementor-widget elementor-widget-heading\" data-id=\"d2e71b4\" data-element_type=\"widget\" data-widget_type=\"heading.default\">\n\t\t\t\t<div class=\"elementor-widget-container\">\n\t\t\t<style>\/*! elementor - v3.17.0 - 08-11-2023 *\/\n.elementor-heading-title{padding:0;margin:0;line-height:1}.elementor-widget-heading .elementor-heading-title[class*=elementor-size-]>a{color:inherit;font-size:inherit;line-height:inherit}.elementor-widget-heading .elementor-heading-title.elementor-size-small{font-size:15px}.elementor-widget-heading .elementor-heading-title.elementor-size-medium{font-size:19px}.elementor-widget-heading .elementor-heading-title.elementor-size-large{font-size:29px}.elementor-widget-heading .elementor-heading-title.elementor-size-xl{font-size:39px}.elementor-widget-heading .elementor-heading-title.elementor-size-xxl{font-size:59px}<\/style><h1 class=\"elementor-heading-title elementor-size-default\">Rechtlicher Hinweis\/Datenschutzerkl\u00e4rung<\/h1>\t\t<\/div>\n\t\t\t\t<\/div>\n\t\t\t\t<div class=\"elementor-element elementor-element-ecacec5 color-scheme-inherit text-left elementor-widget elementor-widget-text-editor\" data-id=\"ecacec5\" data-element_type=\"widget\" data-widget_type=\"text-editor.default\">\n\t\t\t\t<div class=\"elementor-widget-container\">\n\t\t\t<style>\/*! elementor - v3.17.0 - 08-11-2023 *\/\n.elementor-widget-text-editor.elementor-drop-cap-view-stacked .elementor-drop-cap{background-color:#69727d;color:#fff}.elementor-widget-text-editor.elementor-drop-cap-view-framed .elementor-drop-cap{color:#69727d;border:3px solid;background-color:transparent}.elementor-widget-text-editor:not(.elementor-drop-cap-view-default) .elementor-drop-cap{margin-top:8px}.elementor-widget-text-editor:not(.elementor-drop-cap-view-default) .elementor-drop-cap-letter{width:1em;height:1em}.elementor-widget-text-editor .elementor-drop-cap{float:left;text-align:center;line-height:1;font-size:50px}.elementor-widget-text-editor .elementor-drop-cap-letter{display:inline-block}<\/style>\t\t\t\t<p>Der Anbieter und Verantwortliche f\u00fcr diese Internet-Domain im Sinne des \u00a7 6 Teledienstgesetz  [Gesetz \u00fcber die Nutzung von Telediensten (TDG)]das Gesetz zur Regelung der Rahmenbedingungen f\u00fcr Informations- und Kommunikationsdienste  [Gesetz zur Regelung der Rahmenbedingungen f\u00fcr Informations- und Kommunikationsdienste (IuKDG)]und soweit es sich um redaktionelle Inhalte im Sinne des Presserechts und des \u00a7 6 II des Mediendienste-Staatsvertrages handelt  [Staatsvertrag \u00fcber Mediendienste (MDStV)]ist<\/p>\n<p>Eisenbacher Dentalwaren ED GmbH<br>Gesch\u00e4ftsf\u00fchrer: Matthias Theisen<br>Dr.-Konrad-Wiegand-Stra\u00dfe 9<br>63939 W\u00f6rth am Main<br>Deutschland<br>E-Mail:&nbsp;<a href=\"mailto:info@eisenbacher.de\">info@eisenbacher.de<\/a><br>Telefon: + 49 9372 \/ 9404-0<br>Telefax: + 49 9372 \/ 9404-29<br>UMSATZSTEUER-ID: DE 163 445 147<\/p>\n<p>Handelsregister Amtsgericht Aschaffenburg Nr. HRB 5527<\/p>\n<p><\/p>\n<h4>Inhalt des Onlineangebotes<\/h4>\n<p>Wir bem\u00fchen uns, qualitativ hochwertige Informationen bereitzustellen. Wir \u00fcbernehmen jedoch keine Gew\u00e4hr f\u00fcr die Aktualit\u00e4t, Richtigkeit, Vollst\u00e4ndigkeit, Qualit\u00e4t und Verf\u00fcgbarkeit der bereitgestellten Informationen. Haftungsanspr\u00fcche gegen den Betreiber der Website, die sich auf Sch\u00e4den materieller oder ideeller Art beziehen, welche durch die Nutzung oder Nichtnutzung der dargebotenen Informationen bzw. durch die Nutzung fehlerhafter und unvollst\u00e4ndiger Informationen verursacht wurden, sind grunds\u00e4tzlich ausgeschlossen.<br>oder durch die Nutzung fehlerhafter oder unvollst\u00e4ndiger Informationen verursacht wurden, sind grunds\u00e4tzlich ausgeschlossen, es sei denn, es wird nachgewiesen, dass der Schaden auf Vorsatz oder Fahrl\u00e4ssigkeit des Eigent\u00fcmers zur\u00fcckzuf\u00fchren ist. Alle unsere Angebote sind freibleibend und unverbindlich. Wir behalten es uns ausdr\u00fccklich vor, Teile der Seiten oder das gesamte Angebot ohne gesonderte Ank\u00fcndigung zu ver\u00e4ndern, zu l\u00f6schen oder die Ver\u00f6ffentlichung zeitweise oder endg\u00fcltig einzustellen.<\/p>\n<h4>Referenzen und Links<\/h4>\n<p>Bei direkten oder indirekten Verweisen auf fremde Internetseiten (&#8220;Links&#8221;), die au\u00dferhalb des Verantwortungsbereiches des Betreibers liegen, w\u00fcrde eine Haftungsverpflichtung ausschlie\u00dflich in dem Fall in Kraft treten, in dem der Betreiber von den Inhalten Kenntnis hat und es ihm technisch m\u00f6glich und zumutbar w\u00e4re, die Nutzung im Falle rechtswidriger Inhalte zu verhindern. Wir erkl\u00e4ren ausdr\u00fccklich, dass zum Zeitpunkt der Linksetzung keine illegalen Inhalte auf den zu verlinkenden Seiten erkennbar waren. Der Autor hat keinerlei Einfluss auf die aktuelle und zuk\u00fcnftige Gestaltung, den Inhalt oder die Urheberschaft. F\u00fcr dar\u00fcber hinausgehende Inhalte und insbesondere f\u00fcr Sch\u00e4den, die aus der Nutzung oder Nichtnutzung solcherart dargebotener Informationen entstehen, haftet allein der Anbieter der Seite, auf welche verwiesen wurde, nicht derjenige, der \u00fcber Links auf die jeweilige Ver\u00f6ffentlichung lediglich verweist. Diese Einschr\u00e4nkung gilt auch f\u00fcr externe Eintr\u00e4ge in G\u00e4steb\u00fccher und Foren. Wir verwenden den Link nur, um unseren Besuchern die M\u00f6glichkeit zu geben, sich weitere Informationen zu beschaffen. Ein Link bedeutet jedoch nicht, dass wir die fremden Seiten empfehlen oder uns deren Inhalt zu eigen machen.<\/p>\n<h4>Rechtswirksamkeit und Ausschluss der Haftung<\/h4>\n<p>Dieser Haftungsausschluss ist als Teil des Internetangebotes zu betrachten, von dem aus auf diese Seite verwiesen wurde. Sofern Teile oder einzelne Formulierungen dieses Textes der geltenden Rechtslage nicht, nicht mehr oder nicht vollst\u00e4ndig entsprechen sollten, bleiben die \u00fcbrigen Teile in ihrem Inhalt und ihrer G\u00fcltigkeit davon unber\u00fchrt.<\/p>\t\t\t\t\t\t<\/div>\n\t\t\t\t<\/div>\n\t\t\t\t\t<\/div>\n\t\t\t\t<\/div>\n\t\t\t\t\t\t\t<\/div>\n\t\t","protected":false},"excerpt":{"rendered":"<p>Rechtlicher Hinweis\/Datenschutzerkl\u00e4rung Der Anbieter und Verantwortliche f\u00fcr diese Internet-Domain im Sinne des \u00a7 6 Teledienstgesetz [Gesetz \u00fcber die Nutzung von<\/p>\n","protected":false},"author":1,"featured_media":0,"parent":0,"menu_order":0,"comment_status":"closed","ping_status":"closed","template":"","meta":{"_acf_changed":false,"_lmt_disableupdate":"","_lmt_disable":"","footnotes":""},"class_list":["post-10034","page","type-page","status-publish","hentry"],"acf":[],"_links":{"self":[{"href":"https:\/\/eisenbacher.de\/de\/wp-json\/wp\/v2\/pages\/10034","targetHints":{"allow":["GET"]}}],"collection":[{"href":"https:\/\/eisenbacher.de\/de\/wp-json\/wp\/v2\/pages"}],"about":[{"href":"https:\/\/eisenbacher.de\/de\/wp-json\/wp\/v2\/types\/page"}],"author":[{"embeddable":true,"href":"https:\/\/eisenbacher.de\/de\/wp-json\/wp\/v2\/users\/1"}],"replies":[{"embeddable":true,"href":"https:\/\/eisenbacher.de\/de\/wp-json\/wp\/v2\/comments?post=10034"}],"version-history":[{"count":7,"href":"https:\/\/eisenbacher.de\/de\/wp-json\/wp\/v2\/pages\/10034\/revisions"}],"predecessor-version":[{"id":10382,"href":"https:\/\/eisenbacher.de\/de\/wp-json\/wp\/v2\/pages\/10034\/revisions\/10382"}],"wp:attachment":[{"href":"https:\/\/eisenbacher.de\/de\/wp-json\/wp\/v2\/media?parent=10034"}],"curies":[{"name":"wp","href":"https:\/\/api.w.org\/{rel}","templated":true}]}}