{"id":10040,"date":"2023-08-17T11:28:50","date_gmt":"2023-08-17T09:28:50","guid":{"rendered":"https:\/\/eisenbacher.de\/datenschutzbestimmungen\/"},"modified":"2023-09-08T15:19:02","modified_gmt":"2023-09-08T13:19:02","slug":"datenschutzbestimmungen","status":"publish","type":"page","link":"https:\/\/eisenbacher.de\/de\/datenschutzbestimmungen\/","title":{"rendered":"Datenschutz"},"content":{"rendered":"<h3 class=\"wp-block-heading\"><strong>Datenschutzerkl\u00e4rung gem\u00e4\u00df DS-GVO (Deutsches Datenschutzgesetz)<\/strong><\/h3><p><br\/>Die Eisenbacher Dentalwaren ED GmbH (nachfolgend &#8220;ED GmbH&#8221; genannt) nimmt den Datenschutz ernst und m\u00f6chte sicherstellen, dass Ihre Privatsph\u00e4re bei der Nutzung der ED GmbH-Website gesch\u00fctzt wird. Die ED GmbH hat daher diese Hinweise zur Datenverarbeitung erstellt, in denen sie den Umgang mit Ihren Daten erl\u00e4utert. Sie k\u00f6nnen dieses Dokument ausdrucken oder speichern, indem Sie die \u00fcbliche Funktionalit\u00e4t Ihres Internet-Dienstprogramms (= Browser: dort meist &#8220;Datei&#8221;) nutzen.  &gt;&gt;  &#8220;Speichern unter&#8221;).<br\/><br\/>Die ED GmbH beh\u00e4lt sich das Recht vor, den Inhalt dieses Datenschutzhinweises von Zeit zu Zeit zu \u00e4ndern. Es ist daher ratsam, die Informationen \u00fcber die Datenverarbeitung in regelm\u00e4\u00dfigen Abst\u00e4nden zu \u00fcberpr\u00fcfen.<br\/><br\/><strong>\u00a7 1 Personenbezogene Daten<\/strong><\/p><p>Die ED GmbH erhebt, verarbeitet und nutzt Ihre personenbezogenen Daten nur mit Ihrer Einwilligung oder soweit dies gesetzlich zul\u00e4ssig ist. Die ED GmbH wird nur solche personenbezogenen Daten erheben, verarbeiten und nutzen, die f\u00fcr die Durchf\u00fchrung und Nutzung der Dienste der ED GmbH erforderlich sind oder die Sie der ED GmbH freiwillig zur Verf\u00fcgung stellen. Sie k\u00f6nnen unsere Website besuchen, ohne pers\u00f6nliche Daten anzugeben.<\/p><p>Personenbezogene Daten sind alle Daten, die Angaben \u00fcber pers\u00f6nliche oder sachliche Verh\u00e4ltnisse eines bestimmten oder bestimmbaren Kunden enthalten. Dazu geh\u00f6ren beispielsweise der Name, die E-Mail-Adresse, die Telefonnummer und die Anschrift usw.<br\/><br\/><strong>\u00a7 2 Zwecke der Erhebung personenbezogener Daten<\/strong><br\/><br\/>Die ED GmbH ben\u00f6tigt Ihre personenbezogenen Daten f\u00fcr die folgenden Zwecke:<br\/>Zur Bearbeitung Ihrer Bestellungen, auch \u00fcber den Online-Shop (Ihr Name, Ihre E-Mail-Adresse, Ihre Telefonnummer, Ihre Adresse)<br\/>Zur Beantwortung Ihrer Fragen (Ihr Name, Ihre E-Mail-Adresse, Ihre Telefonnummer, Ihre Anschrift)<\/p><p><strong>\u00a7 3 Automatische Datenerfassung durch Cookies<\/strong><br\/><br\/>Cookies sind kleine Dateien, die auf Ihrem Datentr\u00e4ger gespeichert werden und die bestimmte Einstellungen und Daten zum Austausch mit unserem System \u00fcber Ihren Browser speichern. Grunds\u00e4tzlich k\u00f6nnen zwei verschiedene Arten von Cookies unterschieden werden. Es gibt so genannte &#8220;Session-Cookies&#8221; sowie tempor\u00e4re oder permanente Cookies. W\u00e4hrend Session-Cookies gel\u00f6scht werden, sobald Sie Ihren Browser schlie\u00dfen, werden tempor\u00e4re oder permanente Cookies f\u00fcr einen l\u00e4ngeren Zeitraum oder auf unbestimmte Zeit auf Ihrem Datentr\u00e4ger gespeichert. Diese Speicherung hilft uns, unsere Angebote f\u00fcr Sie entsprechend zu gestalten, erleichtert Ihnen aber auch die Nutzung unserer Website. Da bestimmte Eintr\u00e4ge von Ihnen gespeichert werden, k\u00f6nnen Wiederholungen vermieden werden. Die folgenden Daten werden beim Zugriff auf die Website der ED GmbH durch das Computersystem der ED GmbH mittels Cookies automatisch erfasst:<\/p><ul class=\"wp-block-list\"><li>Ihre Internetadresse (IP-Adresse),<\/li>\n\n<li>Browsertyp und -version,<\/li>\n\n<li>Website, von der aus Sie die Website der ED GmbH besuchen (Referrer URL),<\/li>\n\n<li>Verwendetes Betriebssystem,<\/li>\n\n<li>Website, von der aus Sie auf andere Websites weitergeleitet werden,<\/li>\n\n<li>Datum und Uhrzeit des Zugriffs.<br\/>Diese Daten werden getrennt von Ihren sonstigen Daten, die Sie der ED GmbH zur Verf\u00fcgung stellen, gespeichert. Die Daten werden nicht mit Ihren anderen Daten verkn\u00fcpft. Sie werden zu statistischen Zwecken ausgewertet, damit die ED GmbH ihre Website und andere Angebote optimieren kann. Die Daten werden nach deren Auswertung gel\u00f6scht.<br\/>Wenn Sie nicht m\u00f6chten, dass Cookies verwendet werden, k\u00f6nnen Sie deren Verwendung in Ihrem Browser blockieren. Es kann nicht ausgeschlossen werden, dass dadurch die Funktionalit\u00e4t der ED GmbH-Website beeintr\u00e4chtigt wird.<\/li><\/ul><p><strong>\u00a7 4 Erhebung und Verarbeitung von Daten bei der Nutzung von Tracking-Tools<\/strong><br\/><br\/>Diese Website benutzt Google Analytics, einen Webanalysedienst der Google Inc. (&#8220;Google&#8221;). Google Analytics verwendet sog. &#8220;Cookies&#8221;, Textdateien, die auf Ihrem Computer gespeichert werden und die eine Analyse der Benutzung der Website durch Sie erm\u00f6glichen.<br\/>Die durch den Cookie erzeugten Informationen \u00fcber Ihre Benutzung dieser Website werden anonymisiert, so dass sie nicht mehr einer Verbindung zugeordnet werden k\u00f6nnen.<br\/>Im Falle der Aktivierung der IP-Anonymisierung auf dieser Webseite, wird Ihre IP-Adresse von Google jedoch innerhalb von Mitgliedstaaten der Europ\u00e4ischen Union oder in anderen Vertragsstaaten des Abkommens \u00fcber den Europ\u00e4ischen Wirtschaftsraum zuvor gek\u00fcrzt. Nur in Ausnahmef\u00e4llen wird die volle IP-Adresse an einen Server von Google in den USA \u00fcbertragen und dort gek\u00fcrzt. Im Auftrag des Betreibers dieser Website wird Google diese Informationen benutzen, um Ihre Nutzung der Website auszuwerten, um Reports \u00fcber die Websiteaktivit\u00e4ten f\u00fcr die Websitebetreiber zusammenzustellen und um weitere mit der Websitenutzung und der Internetnutzung verbundene Dienstleistungen zu erbringen.<br\/>Google wird in keinem Fall Ihre IP-Adresse mit anderen Daten von Google in Verbindung bringen. Sie k\u00f6nnen die Installation der Cookies durch eine entsprechende Einstellung Ihrer Browser Software verhindern; die ED GmbH weist Sie jedoch darauf hin, dass Sie in diesem Fall gegebenenfalls nicht s\u00e4mtliche Funktionen dieser Website voll umf\u00e4nglich nutzen k\u00f6nnen.<br\/>Sie k\u00f6nnen dar\u00fcber hinaus die Erfassung der durch das Cookie erzeugten und auf Ihre Nutzung der Website bezogenen Daten (inkl. Ihrer IP-Adresse) an Google sowie die Verarbeitung dieser Daten durch Google verhindern, indem Sie ein Browser-Add-on zur Deaktivierung von Google Analytics herunterladen und installieren. Das Deaktivierungs-Add-on finden Sie hier: https:\/\/tools.google.com\/dlpage\/gaoptout?hl=de<br\/>Weitere Informationen finden Sie unter https:\/\/tools.google.com\/dlpage\/gaoptout?hl=de oder https:\/\/support.google.com\/analytics\/answer\/6004245?hl=de (allgemeine Informationen \u00fcber Google Analytics und Datenschutz). Wir weisen Sie darauf hin, dass auf dieser Website Google Analytics um den Code gat._anonymizeIp();&#8221; erweitert wurde, um eine anonymisierte Erfassung von IP-Adressen (sog. IP-Masking) zu gew\u00e4hrleisten.<\/p><p><strong>\u00a7 5 Verwendung von Social Plug Ins<\/strong><br\/><br\/>Die ED GmbH ist bei sozialen Medien (z.B. Instagram, Facebook, LinkedIn) registriert.<br\/><br\/><strong>\u00a7 6 Zustimmung und Widerruf<br\/><\/strong><br\/>Wenn Sie der ED GmbH Ihre Einwilligung zur Nutzung, Verarbeitung und \u00dcbermittlung Ihrer personenbezogenen Daten zu Marketingzwecken erteilt haben, k\u00f6nnen Sie diese jederzeit ohne Einhaltung einer bestimmten Form oder Frist mit Wirkung f\u00fcr die Zukunft widerrufen. Dar\u00fcber hinaus k\u00f6nnen Sie &#8211; soweit die ED GmbH Ihre Daten im gesetzlich zul\u00e4ssigen Rahmen z.B. f\u00fcr postalische Marketingma\u00dfnahmen nutzt &#8211; dieser Nutzung widersprechen. In beiden F\u00e4llen wenden Sie sich bitte an:<br\/>Eisenbacher Dentalware ED GmbH<br\/>Dr.-Konrad-Wiegand-Str. 9<br\/>63939 W\u00f6rth am Main<br\/>Telefon: 0049\/9372\/9404-0<br\/>Fax: 0049\/9372\/9404-29<\/p><p>(Nach Ihrem Widerruf wird die ED GmbH Ihre Daten nur noch zur Abwicklung der Bestellung verwenden und von der Zusendung weiterer Werbemittel absehen).<\/p><p><strong>\u00a7 7 Newsletter<\/strong><\/p><p>Wir versenden regelm\u00e4\u00dfig Rundschreiben. Mit Hilfe von Analyseoptionen wird ermittelt, wie der Newsletter ge\u00f6ffnet und genutzt wird. Diese Analysen sind gruppenbezogen und werden von uns nicht zur individuellen Auswertung verwendet. Sie k\u00f6nnen den Newsletter jederzeit wieder abbestellen.<\/p><p><strong>\u00a7 8 \u00dcbermittlung personenbezogener Daten an Dritte<\/strong><br\/><br\/>Zur Abwicklung Ihrer Bestellung ist es mitunter erforderlich, dass wir Ihre personenbezogenen Daten an Dritte (z.B. Lieferanten oder Spediteure) \u00fcbermitteln. Die an Dritte weitergegebenen Daten werden von diesen nur zur Erf\u00fcllung ihrer Verpflichtungen oder Aufgaben verwendet. \u00dcbermittlungen an staatliche Einrichtungen oder Beh\u00f6rden finden nur im Rahmen zwingender nationaler Rechtsvorschriften statt.<\/p><p><strong>\u00a7 9 Dauer der Datenspeicherung<br\/><\/strong><br\/>Ihre pers\u00f6nlichen Daten werden nur so lange aufbewahrt, wie es f\u00fcr die Erbringung der Dienstleistungen der ED GmbH erforderlich ist. Gelegentlich kann es vorkommen, dass Daten aufgrund gesetzlicher oder rechtlicher Verpflichtungen \u00fcber einen l\u00e4ngeren Zeitraum aufbewahrt werden m\u00fcssen.<br\/><br\/><strong>\u00a7 10 Datensicherheit<br\/><\/strong><br\/>Die ED GmbH setzt technische und organisatorische Sicherheitsma\u00dfnahmen ein, um Ihre Daten zu sch\u00fctzen, insbesondere vor Verlust, Manipulation oder unberechtigtem Zugriff. Die ED GmbH passt ihre Sicherheitsma\u00dfnahmen regelm\u00e4\u00dfig der technischen Entwicklung an.<\/p><p><strong>\u00a7 11 Informationen<br\/><\/strong><br\/>Sie haben jederzeit das Recht, auf Antrag unentgeltlich Auskunft \u00fcber Ihre bei der ED GmbH gespeicherten Daten zu erhalten. Sollten Ihre Daten unrichtig sein und zu Unrecht gespeichert worden sein, so wird die ED GmbH diese auf Wunsch berichtigen, sperren oder l\u00f6schen. Bitte informieren Sie die ED GmbH auch, sobald sich \u00c4nderungen Ihrer pers\u00f6nlichen Daten ergeben haben. Ihre Auskunftsersuchen, Fragen, Beschwerden oder Anregungen zum Thema Datenschutz richten Sie bitte per Post an<br\/>Eisenbacher Dentalware ED GmbH<br\/>Dr.-Konrad-Wiegand-Str. 9<br\/>63939 W\u00f6rth am Main<\/p><p>Datenschutzbeauftragter:<br\/>Frau Burhan-Sayiner<br\/>E-Mail: f.burhan-sayiner@eisenbacher.de<\/p>","protected":false},"excerpt":{"rendered":"<p>Datenschutzerkl\u00e4rung gem\u00e4\u00df DS-GVO (Deutsches Datenschutzgesetz) Die Eisenbacher Dentalwaren ED GmbH (nachfolgend &#8220;ED GmbH&#8221; genannt) nimmt den Datenschutz ernst und m\u00f6chte<\/p>\n","protected":false},"author":1,"featured_media":0,"parent":0,"menu_order":0,"comment_status":"closed","ping_status":"closed","template":"","meta":{"_acf_changed":false,"_lmt_disableupdate":"","_lmt_disable":"","footnotes":""},"class_list":["post-10040","page","type-page","status-publish","hentry"],"acf":[],"_links":{"self":[{"href":"https:\/\/eisenbacher.de\/de\/wp-json\/wp\/v2\/pages\/10040","targetHints":{"allow":["GET"]}}],"collection":[{"href":"https:\/\/eisenbacher.de\/de\/wp-json\/wp\/v2\/pages"}],"about":[{"href":"https:\/\/eisenbacher.de\/de\/wp-json\/wp\/v2\/types\/page"}],"author":[{"embeddable":true,"href":"https:\/\/eisenbacher.de\/de\/wp-json\/wp\/v2\/users\/1"}],"replies":[{"embeddable":true,"href":"https:\/\/eisenbacher.de\/de\/wp-json\/wp\/v2\/comments?post=10040"}],"version-history":[{"count":5,"href":"https:\/\/eisenbacher.de\/de\/wp-json\/wp\/v2\/pages\/10040\/revisions"}],"predecessor-version":[{"id":10362,"href":"https:\/\/eisenbacher.de\/de\/wp-json\/wp\/v2\/pages\/10040\/revisions\/10362"}],"wp:attachment":[{"href":"https:\/\/eisenbacher.de\/de\/wp-json\/wp\/v2\/media?parent=10040"}],"curies":[{"name":"wp","href":"https:\/\/api.w.org\/{rel}","templated":true}]}}