{"id":10113,"date":"2023-08-01T12:59:14","date_gmt":"2023-08-01T10:59:14","guid":{"rendered":"https:\/\/eisenbacher.de\/product\/okklusionsspray\/"},"modified":"2023-09-12T10:35:55","modified_gmt":"2023-09-12T08:35:55","slug":"okklusionsspray","status":"publish","type":"product","link":"https:\/\/eisenbacher.de\/de\/produkt\/okklusionsspray\/","title":{"rendered":"OCCLUSIONSSPRAY"},"content":{"rendered":"","protected":false},"excerpt":{"rendered":"<p><strong>Inhalt:<\/strong> 75 ml<\/p>\n<p><strong>Farbe: <\/strong>gr\u00fcn<\/p>\n<p><strong>Eigenschaften:<\/strong><\/p>\n<ul>\n<li>Ideal zum Erkennen von St\u00f6r- oder Fr\u00fchkontakten beim Aufpassen von Kronen &amp; Br\u00fccken und Modellguss<\/li>\n<\/ul>\n","protected":false},"featured_media":9999,"template":"","meta":{"_acf_changed":false,"_lmt_disableupdate":"no","_lmt_disable":""},"product_brand":[],"product_cat":[390],"product_tag":[],"class_list":{"0":"post-10113","1":"product","2":"type-product","3":"status-publish","4":"has-post-thumbnail","6":"product_cat-andere-verbrauchsmaterialien","8":"first","9":"instock","10":"taxable","11":"shipping-taxable","12":"purchasable","13":"product-type-simple"},"acf":[],"_links":{"self":[{"href":"https:\/\/eisenbacher.de\/de\/wp-json\/wp\/v2\/product\/10113","targetHints":{"allow":["GET"]}}],"collection":[{"href":"https:\/\/eisenbacher.de\/de\/wp-json\/wp\/v2\/product"}],"about":[{"href":"https:\/\/eisenbacher.de\/de\/wp-json\/wp\/v2\/types\/product"}],"version-history":[{"count":3,"href":"https:\/\/eisenbacher.de\/de\/wp-json\/wp\/v2\/product\/10113\/revisions"}],"predecessor-version":[{"id":10360,"href":"https:\/\/eisenbacher.de\/de\/wp-json\/wp\/v2\/product\/10113\/revisions\/10360"}],"wp:featuredmedia":[{"embeddable":true,"href":"https:\/\/eisenbacher.de\/de\/wp-json\/wp\/v2\/media\/9999"}],"wp:attachment":[{"href":"https:\/\/eisenbacher.de\/de\/wp-json\/wp\/v2\/media?parent=10113"}],"wp:term":[{"taxonomy":"product_brand","embeddable":true,"href":"https:\/\/eisenbacher.de\/de\/wp-json\/wp\/v2\/product_brand?post=10113"},{"taxonomy":"product_cat","embeddable":true,"href":"https:\/\/eisenbacher.de\/de\/wp-json\/wp\/v2\/product_cat?post=10113"},{"taxonomy":"product_tag","embeddable":true,"href":"https:\/\/eisenbacher.de\/de\/wp-json\/wp\/v2\/product_tag?post=10113"}],"curies":[{"name":"wp","href":"https:\/\/api.w.org\/{rel}","templated":true}]}}