{"id":10129,"date":"2023-08-01T12:59:07","date_gmt":"2023-08-01T10:59:07","guid":{"rendered":"https:\/\/eisenbacher.de\/product\/tener-it\/"},"modified":"2025-04-22T13:20:06","modified_gmt":"2025-04-22T11:20:06","slug":"tener-it","status":"publish","type":"product","link":"https:\/\/eisenbacher.de\/de\/produkt\/tener-it\/","title":{"rendered":"TENER\u00aeIT"},"content":{"rendered":"","protected":false},"excerpt":{"rendered":"<p>NEM Dental-Gusslegierung auf Kobaltbasis f\u00fcr Modellgusstechnik, Typ 5<\/p>\n<p>Modellgusslegierung mit h\u00f6herer Z\u00e4higkeit f\u00fcr sichere Klammeraktivierung<\/p>\n<p><strong>Indikationen:<\/strong><\/p>\n<ul>\n<li>Klammermodellguss<\/li>\n<li>Geschiebearbeiten<\/li>\n<li>Ideal zum Lasern<\/li>\n<\/ul>\n","protected":false},"featured_media":9988,"template":"","meta":{"_acf_changed":false,"_lmt_disableupdate":"no","_lmt_disable":""},"product_brand":[],"product_cat":[634],"product_tag":[],"class_list":{"0":"post-10129","1":"product","2":"type-product","3":"status-publish","4":"has-post-thumbnail","6":"product_cat-modellgusslegierung","8":"first","9":"instock","10":"taxable","11":"shipping-taxable","12":"purchasable","13":"product-type-simple"},"acf":[],"_links":{"self":[{"href":"https:\/\/eisenbacher.de\/de\/wp-json\/wp\/v2\/product\/10129","targetHints":{"allow":["GET"]}}],"collection":[{"href":"https:\/\/eisenbacher.de\/de\/wp-json\/wp\/v2\/product"}],"about":[{"href":"https:\/\/eisenbacher.de\/de\/wp-json\/wp\/v2\/types\/product"}],"version-history":[{"count":6,"href":"https:\/\/eisenbacher.de\/de\/wp-json\/wp\/v2\/product\/10129\/revisions"}],"predecessor-version":[{"id":11697,"href":"https:\/\/eisenbacher.de\/de\/wp-json\/wp\/v2\/product\/10129\/revisions\/11697"}],"wp:featuredmedia":[{"embeddable":true,"href":"https:\/\/eisenbacher.de\/de\/wp-json\/wp\/v2\/media\/9988"}],"wp:attachment":[{"href":"https:\/\/eisenbacher.de\/de\/wp-json\/wp\/v2\/media?parent=10129"}],"wp:term":[{"taxonomy":"product_brand","embeddable":true,"href":"https:\/\/eisenbacher.de\/de\/wp-json\/wp\/v2\/product_brand?post=10129"},{"taxonomy":"product_cat","embeddable":true,"href":"https:\/\/eisenbacher.de\/de\/wp-json\/wp\/v2\/product_cat?post=10129"},{"taxonomy":"product_tag","embeddable":true,"href":"https:\/\/eisenbacher.de\/de\/wp-json\/wp\/v2\/product_tag?post=10129"}],"curies":[{"name":"wp","href":"https:\/\/api.w.org\/{rel}","templated":true}]}}