{"id":10184,"date":"2023-08-01T12:58:25","date_gmt":"2023-08-01T10:58:25","guid":{"rendered":"https:\/\/eisenbacher.de\/product\/kera-disc\/"},"modified":"2025-04-22T13:08:40","modified_gmt":"2025-04-22T11:08:40","slug":"kera-disc","status":"publish","type":"product","link":"https:\/\/eisenbacher.de\/de\/produkt\/kera-disc\/","title":{"rendered":"KERA\u00ae-DISC"},"content":{"rendered":"","protected":false},"excerpt":{"rendered":"<p>NEM Dental-Fr\u00e4slegierung auf Kobaltbasis f\u00fcr Metall-Keramik, Typ 4<\/p>\n<ul>\n<li><strong>Optimierte Zerspanungseigenschaften durch spezielle W\u00e4rmebehandlung<\/strong><\/li>\n<li><strong>Hohe Festigkeit durch gleichm\u00e4\u00dfiges Metallgef\u00fcge<\/strong><\/li>\n<li><strong>F\u00fcr alle hochschmelzenden Verblendkeramiken geeignet<\/strong><\/li>\n<\/ul>\n<p><strong>Indikationen:<\/strong><\/p>\n<ul>\n<li>Kronen und Br\u00fccken f\u00fcr Metallkeramik<\/li>\n<li>Suprastrukturen und Stege<\/li>\n<\/ul>\n","protected":false},"featured_media":9963,"template":"","meta":{"_acf_changed":false,"_lmt_disableupdate":"no","_lmt_disable":""},"product_brand":[],"product_cat":[386],"product_tag":[],"class_list":{"0":"post-10184","1":"product","2":"type-product","3":"status-publish","4":"has-post-thumbnail","6":"product_cat-cad-cam-discs","8":"first","9":"instock","10":"taxable","11":"shipping-taxable","12":"purchasable","13":"product-type-variable","14":"has-default-attributes"},"acf":[],"_links":{"self":[{"href":"https:\/\/eisenbacher.de\/de\/wp-json\/wp\/v2\/product\/10184","targetHints":{"allow":["GET"]}}],"collection":[{"href":"https:\/\/eisenbacher.de\/de\/wp-json\/wp\/v2\/product"}],"about":[{"href":"https:\/\/eisenbacher.de\/de\/wp-json\/wp\/v2\/types\/product"}],"version-history":[{"count":5,"href":"https:\/\/eisenbacher.de\/de\/wp-json\/wp\/v2\/product\/10184\/revisions"}],"predecessor-version":[{"id":11689,"href":"https:\/\/eisenbacher.de\/de\/wp-json\/wp\/v2\/product\/10184\/revisions\/11689"}],"wp:featuredmedia":[{"embeddable":true,"href":"https:\/\/eisenbacher.de\/de\/wp-json\/wp\/v2\/media\/9963"}],"wp:attachment":[{"href":"https:\/\/eisenbacher.de\/de\/wp-json\/wp\/v2\/media?parent=10184"}],"wp:term":[{"taxonomy":"product_brand","embeddable":true,"href":"https:\/\/eisenbacher.de\/de\/wp-json\/wp\/v2\/product_brand?post=10184"},{"taxonomy":"product_cat","embeddable":true,"href":"https:\/\/eisenbacher.de\/de\/wp-json\/wp\/v2\/product_cat?post=10184"},{"taxonomy":"product_tag","embeddable":true,"href":"https:\/\/eisenbacher.de\/de\/wp-json\/wp\/v2\/product_tag?post=10184"}],"curies":[{"name":"wp","href":"https:\/\/api.w.org\/{rel}","templated":true}]}}