{"id":9127,"date":"2023-06-19T15:12:45","date_gmt":"2023-06-19T13:12:45","guid":{"rendered":"https:\/\/eisenbacher.de\/?page_id=9127"},"modified":"2023-06-19T15:17:57","modified_gmt":"2023-06-19T13:17:57","slug":"datenschutzerklarung-nach-ds-gvo","status":"publish","type":"page","link":"https:\/\/eisenbacher.de\/en\/datenschutzerklarung-nach-ds-gvo\/","title":{"rendered":"Datenschutzerkl\u00e4rung nach DS-GVO"},"content":{"rendered":"\t\t<div data-elementor-type=\"wp-page\" data-elementor-id=\"9127\" class=\"elementor elementor-9127\" data-elementor-post-type=\"page\">\n\t\t\t\t\t\t\t<div class=\"wd-negative-gap elementor-element elementor-element-ed78dc9 e-flex e-con-boxed wd-section-disabled e-con e-parent\" data-id=\"ed78dc9\" data-element_type=\"container\" data-settings=\"{&quot;content_width&quot;:&quot;boxed&quot;}\" data-core-v316-plus=\"true\">\n\t\t\t\t\t<div class=\"e-con-inner\">\n\t\t\t\t<div class=\"elementor-element elementor-element-fa276f0 color-scheme-inherit text-left elementor-widget elementor-widget-text-editor\" data-id=\"fa276f0\" data-element_type=\"widget\" data-widget_type=\"text-editor.default\">\n\t\t\t\t<div class=\"elementor-widget-container\">\n\t\t\t<style>\/*! elementor - v3.17.0 - 08-11-2023 *\/\n.elementor-widget-text-editor.elementor-drop-cap-view-stacked .elementor-drop-cap{background-color:#69727d;color:#fff}.elementor-widget-text-editor.elementor-drop-cap-view-framed .elementor-drop-cap{color:#69727d;border:3px solid;background-color:transparent}.elementor-widget-text-editor:not(.elementor-drop-cap-view-default) .elementor-drop-cap{margin-top:8px}.elementor-widget-text-editor:not(.elementor-drop-cap-view-default) .elementor-drop-cap-letter{width:1em;height:1em}.elementor-widget-text-editor .elementor-drop-cap{float:left;text-align:center;line-height:1;font-size:50px}.elementor-widget-text-editor .elementor-drop-cap-letter{display:inline-block}<\/style>\t\t\t\t<p>Die Firma Eisenbacher Dentalwaren ED GmbH (im Folgenden \u201eED GmbH\u201c genannt) nimmt die Belange des Datenschutzes ernst und m\u00f6chte sicherstellen, dass Ihre Privatsph\u00e4re bei der<br \/>Nutzung der Webseite von ED GmbH gesch\u00fctzt wird. ED GmbH hat daher diese Hinweise zur Datenverarbeitung erstellt, in denen sie Ihnen ihren Umgang mit Ihren Daten erl\u00e4utert. Sie<br \/>k\u00f6nnen dieses Dokument ausdrucken oder speichern, indem Sie die \u00fcbliche Funktionalit\u00e4t Ihres Internetdiensteprogramms (= Browser: dort meist \u201eDatei\u201c &gt;&gt; \u201eSpeichern unter\u201c) nutzen.<br \/>ED GmbH beh\u00e4lt sich vor, den Inhalt dieser Datenschutzhinweise von Zeit zu Zeit anzupassen. Es empfiehlt sich daher, die Hinweise zur Datenverarbeitung in regelm\u00e4\u00dfigen<br \/>Abst\u00e4nden erneut zur Kenntnis zu nehmen.<br \/><br \/><b>\u00a7 1 Personenbezogene Daten<\/b><br \/>1. ED GmbH erhebt, verarbeitet und nutzt Ihre personenbezogenen Daten nur mit Ihrer Einwilligung oder wenn eine Rechtsvorschrift dies erlaubt. ED GmbH wird nur solche<br \/>personenbezogene Daten erheben, verarbeiten und nutzen, die f\u00fcr die Durchf\u00fchrung und die Inanspruchnahme der Dienstleistungen von ED GmbH erforderlich sind oder die Sie ED<br \/>GmbH freiwillig zur Verf\u00fcgung stellen.<br \/>2. Personenbezogen sind alle Daten, die Angaben \u00fcber pers\u00f6nliche oder sachliche Verh\u00e4ltnisse eines bestimmten oder bestimmbaren Kunden enthalten. Dazu z\u00e4hlen<br \/>beispielsweise der Name, die E-Mail-Adresse, die Telefonnummer und die Anschrift, etc.<br \/><br \/><b>\u00a7 2 Zwecke der Erhebung personenbezogener Daten<\/b><br \/>ED GmbH ben\u00f6tigt Ihre personenbezogenen Daten f\u00fcr folgende Zwecke:<br \/>\u2022 Zur Abwicklung Ihrer Bestellungen, auch \u00fcber den Online-Shop (Ihr Name, Ihre E-MailAdresse, Ihre Telefonnummer, Ihre Anschrift)<br \/>\u2022 Zur Beantwortung Ihrer Fragen (Ihr Name, Ihre E-Mail-Adresse, Ihre Telefonnummer, Ihre Anschrift)<br \/><br \/><b>\u00a7 3 Automatische Datenerfassung durch Cookies<\/b><br \/>Cookies sind kleine Dateien, die auf Ihrem Datentr\u00e4ger gespeichert werden und die bestimmte Einstellungen und Daten zum Austausch mit unserem System \u00fcber Ihren Browser speichern.<br \/>Grunds\u00e4tzlich k\u00f6nnen zwei verschiedene Arten von Cookies unterschieden werden. Es gibt sowohl sogenannte \u201eSession-Cookies\u201c als auch tempor\u00e4re bzw. permanente Cookies.<br \/>W\u00e4hrend Session-Cookies gel\u00f6scht werden, sobald Sie Ihren Browser schlie\u00dfen, werden tempor\u00e4re bzw. permanente Cookies f\u00fcr einen l\u00e4ngeren Zeitraum bzw. unbegrenzt auf Ihrem<br \/>Datentr\u00e4ger gespeichert. Diese Speicherung hilft uns dabei, unsere Angebote f\u00fcr Sie entsprechend zu gestalten, erleichtert aber auch Ihnen die Nutzung unserer Webseite.<br \/>Dadurch, dass bestimmte Eingaben von Ihnen gespeichert werden, k\u00f6nnen Wiederholungen vermieden werden. Folgende Daten werden bei Aufruf der Webseite von ED GmbH mittels<br \/>Cookies durch das Computersystem von ED GmbH automatisch erfasst:<br \/>\u2022 Ihre Internetadresse (IP-Adresse),<br \/>\u2022 Browsertyp und -version,<br \/>\u2022 Webseite, von der aus Sie die Seite von ED GmbH besuchen (Referrer URL),<br \/>\u2022 Verwendetes Betriebssystem,<br \/>\u2022 Webseite von der aus Sie auf andere Webseiten weitergeleitet werden,<br \/>\u2022 Datum und Uhrzeit Ihres Zugriffs.<br \/><br \/>Diese Daten werden getrennt von Ihren weiteren Daten, die Sie eventuell bei ED GmbH angeben, gespeichert. Es erfolgt keine Verkn\u00fcpfung der Daten mit Ihren weiteren Daten. Sie<br \/>werden zu statistischen Zwecken ausgewertet, damit ED GmbH ihre Webseite und andere Angebote optimieren kann. Die Daten werden nach ihrer Auswertung gel\u00f6scht. Sollten Sie<br \/>eine Verwendung von Cookies nicht w\u00fcnschen, so k\u00f6nnen Sie die Verwendung in Ihrem Browser sperren. Es ist nicht auszuschlie\u00dfen, dass dadurch die Funktionalit\u00e4t der Webseite<br \/>von ED GmbH beeintr\u00e4chtigt wird.<br \/><br \/><b>\u00a7 4 Erhebung und Verarbeitung von Daten bei Einsatz von Tracking Tools<\/b><br \/>Diese Webseite benutzt Google Analytics, einen Webanalysedienst der Google Inc. (\u201eGoogle\u201c). Google Analytics verwendet sogenannte \u201eCookies\u201c, Textdateien, die auf Ihrem<br \/>Computer gespeichert werden und die Analyse der Benutzung der Webseite durch Sie erm\u00f6glichen. Die durch den Cookie erzeugten Informationen \u00fcber Ihre Benutzung dieser<br \/>Webseite werden anonymisiert, sodass sie nicht mehr einem Anschluss zugeordnet werden k\u00f6nnen. Im Falle der Aktivierung der IP-Anonymisierung auf dieser Webseite wird Ihre IPAdresse von Google jedoch innerhalb von Mitgliedsstaaten der EU oder anderen Vertragsstaaten des Abkommens \u00fcber den Europ\u00e4ischen Wirtschaftsraum zuvor gek\u00fcrzt. Nur<br \/>in Ausnahmef\u00e4llen wird die volle IP-Adresse an einen Server von Google in die USA \u00fcbertragen und dort gek\u00fcrzt. Im Auftrag des Betreibers dieser Webseite wird Google diese<br \/>Informationen benutzen, um Ihre Nutzung der Webseite auszuwerten, um Reports \u00fcber die Webseitenaktivit\u00e4ten f\u00fcr die Webseiten-Betreiber zusammenzustellen und um weitere mit der<br \/>Webseitennutzung und der Internetnutzung verbundenen Dienstleistungen zu erbringen. Google wird in keinem Fall Ihre IP-Adresse mit anderen Daten von Google in Verbindung<br \/>bringen. Sie k\u00f6nnen die Installation der Cookies durch eine entsprechende Einstellung Ihrer Browser-Software verhindern; ED GmbH weist Sie jedoch darauf hin, dass Sie in diesem Fall<br \/>ggf. nicht s\u00e4mtliche Funktionen dieser Webseite vollumf\u00e4nglich nutzen k\u00f6nnen. Sie k\u00f6nnen dar\u00fcber hinaus die Erfassung der durch das Cookie erzeugten und auf Ihre Nutzung der<br \/>Webseite bezogenen Daten (inkl. Ihrer IP-Adresse) an Google sowie die Verarbeitung dieser Daten durch Google verhindern, indem Sie ein Browser Add zur Deaktivierung von Google<br \/>Analytics herunterladen und f\u00fcr Ihren Browser installieren. Das Deaktivierungs-Add-On finden Sie hier: https:\/\/tools.google.com\/dlpage\/gaoptout?hl=de N\u00e4here Informationen hierzu<br \/>finden Sie unter https:\/\/tools.google.com\/dlpage\/gaoptout?hl=de bzw. unter https:\/\/support.google.com\/analytics\/answer\/6004245?hl=de (allgemeine Informationen zu<br \/>Google Analytics und Datenschutz). Wir weisen Sie darauf hin, dass auf dieser Webseite Google Analytics um den Code \u201egat._anonymizeIp();\u201c erweitert wurde, um eine<br \/>anonymisierte Erfassung von IP-Adressen (sog. IP-Masking) zu gew\u00e4hrleisten.\u201c Einsatz von Google AdWords Conversion-Tracking Diese Webseite nutzt das Online-Werbeprogramm \u201eGoogle AdWords\u201c und im Rahmen von Google AdWords das Conversion-Tracking. Das Cookie f\u00fcr Conversion-Tracking wird gesetzt, wenn ein Nutzer auf eine von Google geschaltete Anzeige klickt. Bei Cookies handelt es sich um kleine Textdateien, die auf Ihrem Computersystem abgelegt werden. Diese Cookies verlieren nach 30 Tagen ihre G\u00fcltigkeit und dienen nicht der pers\u00f6nlichen<br \/>Identifizierung. Besucht der Nutzer bestimmte Seiten dieser Website und das Cookie ist noch nicht abgelaufen, k\u00f6nnen wir und Google erkennen, dass der Nutzer auf die Anzeige geklickt<br \/>hat und zu dieser Seite weitergeleitet wurde. Jeder Google AdWords-Kunde erh\u00e4lt ein anderes Cookie. Cookies k\u00f6nnen somit nicht \u00fcber die Websites von AdWords-Kunden nachverfolgt<br \/>werden. Die mithilfe des Conversion-Cookies eingeholten Informationen dienen dazu, Conversion-Statistiken f\u00fcr AdWords-Kunden zu erstellen, die sich f\u00fcr Conversion-Tracking<br \/>entschieden haben. Die Kunden erfahren die Gesamtanzahl der Nutzer, die auf ihre Anzeige geklickt haben und zu einer mit einem Conversion-Tracking-Tag versehenen Seite<br \/>weitergeleitet wurden. Sie erhalten jedoch keine Informationen, mit denen sich Nutzer pers\u00f6nlich identifizieren lassen. Wenn Sie nicht am Tracking teilnehmen m\u00f6chten, k\u00f6nnen Sie<br \/>dieser Nutzung widersprechen, indem Sie das Cookie des Google Conversion-Trackings \u00fcber ihren Internet-Browser unter Nutzereinstellungen deaktivieren. Sie werden sodann nicht in die<br \/>Conversion-Tracking Statistiken aufgenommen. Unter der nachstehenden Internetadresse erhalten Sie weitere Informationen \u00fcber die Datenschutzbestimmungen von Google:<br \/>https:\/\/www.google.de\/policies\/privacy\/<br \/><br \/><b>\u00a7 5 Verwendung von Social Plug Ins<\/b><br \/>Datenschutzerkl\u00e4rung zur Nutzung von Facebook<br \/>Keine Datennutzung \u00fcber Facebook. ED GmbH ist nicht bei Facebook registiert.<br \/><br \/><b>\u00a7 6 Einwilligung und Widerruf<\/b><br \/>Wenn Sie ED GmbH Ihre Einwilligung in die Nutzung, Verarbeitung und \u00dcbermittlung Ihrer personenbezogenen Daten zu Marketingzwecken erteilt haben, k\u00f6nnen Sie diese jeder Zeit<br \/>ohne Einhaltung einer bestimmten Form oder Frist mit Wirkung f\u00fcr die Zukunft widerrufen. Daneben k\u00f6nnen Sie &#8211; soweit ED GmbH Ihre Daten in gesetzlich zul\u00e4ssigem Rahmen f\u00fcr<br \/>beispielsweise postalische Marketingma\u00dfnahmen nutzt &#8211; dieser Nutzung widersprechen. In beiden F\u00e4llen wenden Sie sich bitte an:<br \/><br \/>Eisenbacher Dentalwaren ED GmbH<br \/>Dr.-Konrad-Wiegand-Str. 9<br \/>63939 W\u00f6rth am Main<br \/>Tel.: 0049\/9372\/9404-0<br \/>Fax.: 0049\/9372\/9404-29<br \/><br \/>(Nach Ihrem Widerruf wird ED GmbH Ihre Daten ausschlie\u00dflich zur Abwicklung der Bestellung verwenden und eine Versendung von weiteren Werbemitteln unterlassen.)<br \/><br \/><b>\u00a7 7 Newsletter<\/b><br \/>Wir verwenden zum Versand unseres Newsletters den Listenprovider CleverReach\u00ae GmbH &amp; Co. KG, M\u00fchlenstra\u00dfe 43, 26180 Rastede Germany. CleverReach\u00ae bietet umfangreiche<br \/>Analysem\u00f6glichkeiten dar\u00fcber, wie die Newsletter ge\u00f6ffnet und benutzt werden. Diese Analysen sind Gruppenbezogen und werden von uns nicht zur individuellen Auswertung<br \/>verwendet.<br \/><br \/><b>\u00a7 8 \u00dcbermittlung personenbezogener Daten an Dritte<\/b><br \/>F\u00fcr die Abwicklung Ihrer Bestellung ist es mitunter notwendig, Ihre personenbezogenen Daten an Dritte zu \u00fcbermitteln (z. B. Lieferanten oder Spediteure). Die an Dritte<br \/>weitergegebenen Daten werden von diesen ausschlie\u00dflich zur Erf\u00fcllung der ihnen obliegenden Verpflichtungen oder Aufgaben verwendet. \u00dcbermittlungen an staatliche<br \/>Einrichtungen oder Beh\u00f6rden erfolgen nur im Rahmen zwingender nationaler Rechtsvorschriften.<br \/><br \/><b>\u00a7 9 Dauer der Datenspeicherung<\/b><br \/>Ihre personenbezogenen Daten werden nur so lange aufbewahrt, wie dies f\u00fcr die Erbringung der Dienstleistungen von ED GmbH erforderlich ist. Mitunter kann eine dar\u00fcber hinaus<br \/>dauernde Datenspeicherung aufgrund gesetzlicher oder rechtlicher Pflichten erforderlich sein.<br \/><br \/><b>\u00a7 10 Datensicherheit<\/b><br \/>ED GmbH hat technische und organisatorische Sicherheitsvorkehrungen eingerichtet, um Ihre Daten zu sch\u00fctzen, insbesondere gegen Verlust, Manipulation oder unberechtigten Zugriff.<br \/>ED GmbH passt seine Sicherheitsvorkehrungen regelm\u00e4\u00dfig der fortlaufenden technischen Entwicklung an.<br \/><b><br \/>\u00a7 11 Ausk\u00fcnfte<\/b><br \/>Sie haben jeder Zeit das Recht, kostenfrei Auskunft \u00fcber Ihre bei ED GmbH gespeicherten Daten zu verlangen. Sollten Ihre Daten unrichtig und zu Unrecht gespeichert sein, so wird ED<br \/>GmbH diese gern berichtigen, sperren oder l\u00f6schen. Bitte teilen Sie ED GmbH auch mit, sobald sich \u00c4nderungen bei Ihren personenbezogenen Daten ergeben haben. Ihre<br \/>Auskunftsw\u00fcnsche, Fragen, Beschwerden oder Anregungen zum Thema Datenschutz richten Sie bitte per Post an<br \/><br \/>Eisenbacher Dentalwaren ED GmbH<br \/>Dr.-Konrad-Wiegand-Str. 9<br \/>63939 W\u00f6rth am Main<br \/><br \/>Datenschutzbeauftragte:<br \/>Frau Ferizan Burhan-Sayiner<br \/>E-Mail: f.burhan-sayiner@eisenbacher.de<\/p>\t\t\t\t\t\t<\/div>\n\t\t\t\t<\/div>\n\t\t\t\t\t<\/div>\n\t\t\t\t<\/div>\n\t\t\t\t\t\t\t<\/div>\n\t\t","protected":false},"excerpt":{"rendered":"<p>Die Firma Eisenbacher Dentalwaren ED GmbH (im Folgenden \u201eED GmbH\u201c genannt) nimmt die Belange des Datenschutzes ernst und m\u00f6chte sicherstellen,<\/p>\n","protected":false},"author":1,"featured_media":0,"parent":0,"menu_order":0,"comment_status":"closed","ping_status":"closed","template":"","meta":{"_acf_changed":false,"_lmt_disableupdate":"","_lmt_disable":"","footnotes":""},"class_list":["post-9127","page","type-page","status-publish","hentry"],"acf":[],"_links":{"self":[{"href":"https:\/\/eisenbacher.de\/en\/wp-json\/wp\/v2\/pages\/9127","targetHints":{"allow":["GET"]}}],"collection":[{"href":"https:\/\/eisenbacher.de\/en\/wp-json\/wp\/v2\/pages"}],"about":[{"href":"https:\/\/eisenbacher.de\/en\/wp-json\/wp\/v2\/types\/page"}],"author":[{"embeddable":true,"href":"https:\/\/eisenbacher.de\/en\/wp-json\/wp\/v2\/users\/1"}],"replies":[{"embeddable":true,"href":"https:\/\/eisenbacher.de\/en\/wp-json\/wp\/v2\/comments?post=9127"}],"version-history":[{"count":7,"href":"https:\/\/eisenbacher.de\/en\/wp-json\/wp\/v2\/pages\/9127\/revisions"}],"predecessor-version":[{"id":9134,"href":"https:\/\/eisenbacher.de\/en\/wp-json\/wp\/v2\/pages\/9127\/revisions\/9134"}],"wp:attachment":[{"href":"https:\/\/eisenbacher.de\/en\/wp-json\/wp\/v2\/media?parent=9127"}],"curies":[{"name":"wp","href":"https:\/\/api.w.org\/{rel}","templated":true}]}}